{"id":598,"date":"2025-11-07T21:29:36","date_gmt":"2025-11-07T21:29:36","guid":{"rendered":"https:\/\/cabildo-abierto.co\/?page_id=598"},"modified":"2026-02-09T07:18:39","modified_gmt":"2026-02-09T07:18:39","slug":"noticias","status":"publish","type":"page","link":"https:\/\/cabildo-abierto.co\/index.php\/noticias\/","title":{"rendered":"NOTICIAS"},"content":{"rendered":"\t\t<div data-elementor-type=\"wp-page\" data-elementor-id=\"598\" class=\"elementor elementor-598\">\n\t\t\t\t<div class=\"elementor-element elementor-element-bab26b9 e-flex e-con-boxed e-con e-parent\" data-id=\"bab26b9\" data-element_type=\"container\" data-e-type=\"container\">\n\t\t\t\t\t<div class=\"e-con-inner\">\n\t\t\t\t<div class=\"elementor-element elementor-element-b1ed966 elementor-widget elementor-widget-video\" data-id=\"b1ed966\" data-element_type=\"widget\" data-e-type=\"widget\" data-settings=\"{&quot;youtube_url&quot;:&quot;https:\\\/\\\/www.youtube.com\\\/watch?v=7-nopaKiAm8&quot;,&quot;video_type&quot;:&quot;youtube&quot;,&quot;controls&quot;:&quot;yes&quot;}\" data-widget_type=\"video.default\">\n\t\t\t\t\t\t\t<div class=\"elementor-wrapper elementor-open-inline\">\n\t\t\t<div class=\"elementor-video\"><\/div>\t\t<\/div>\n\t\t\t\t\t\t<\/div>\n\t\t\t\t\t<\/div>\n\t\t\t\t<\/div>\n\t\t<div class=\"elementor-element elementor-element-2a813e3 e-flex e-con-boxed e-con e-parent\" data-id=\"2a813e3\" data-element_type=\"container\" data-e-type=\"container\">\n\t\t\t\t\t<div class=\"e-con-inner\">\n\t\t\t\t<div class=\"elementor-element elementor-element-62033f0 elementor-widget elementor-widget-heading\" data-id=\"62033f0\" data-element_type=\"widget\" data-e-type=\"widget\" data-widget_type=\"heading.default\">\n\t\t\t\t\t<h2 class=\"elementor-heading-title elementor-size-default\"><a href=\"https:\/\/www.youtube.com\/watch?v=4aLhS-b8k8c\" target=\"_blank\">CUMBRE CELAC-UE 2025 EN SANTA MARTA...<\/a><\/h2>\t\t\t\t<\/div>\n\t\t\t\t<div class=\"elementor-element elementor-element-b296209 elementor-widget elementor-widget-image\" data-id=\"b296209\" data-element_type=\"widget\" data-e-type=\"widget\" data-widget_type=\"image.default\">\n\t\t\t\t\t\t\t\t\t\t\t\t\t\t\t\t<a href=\"https:\/\/www.youtube.com\/watch?v=4aLhS-b8k8c\" target=\"_blank\">\n\t\t\t\t\t\t\t<img fetchpriority=\"high\" decoding=\"async\" width=\"866\" height=\"584\" src=\"https:\/\/cabildo-abierto.co\/wp-content\/uploads\/2025\/11\/LA-CUMBRE-CELAC.png\" class=\"attachment-large size-large wp-image-931\" alt=\"\" srcset=\"https:\/\/cabildo-abierto.co\/wp-content\/uploads\/2025\/11\/LA-CUMBRE-CELAC.png 866w, https:\/\/cabildo-abierto.co\/wp-content\/uploads\/2025\/11\/LA-CUMBRE-CELAC-300x202.png 300w, https:\/\/cabildo-abierto.co\/wp-content\/uploads\/2025\/11\/LA-CUMBRE-CELAC-768x518.png 768w, https:\/\/cabildo-abierto.co\/wp-content\/uploads\/2025\/11\/LA-CUMBRE-CELAC-600x405.png 600w\" sizes=\"(max-width: 866px) 100vw, 866px\" \/>\t\t\t\t\t\t\t\t<\/a>\n\t\t\t\t\t\t\t\t\t\t\t\t\t\t\t<\/div>\n\t\t\t\t\t<\/div>\n\t\t\t\t<\/div>\n\t\t<div class=\"elementor-element elementor-element-12a54b5 e-flex e-con-boxed e-con e-parent\" data-id=\"12a54b5\" data-element_type=\"container\" data-e-type=\"container\">\n\t\t\t\t\t<div class=\"e-con-inner\">\n\t\t\t\t<div class=\"elementor-element elementor-element-eda1df2 elementor-widget elementor-widget-heading\" data-id=\"eda1df2\" data-element_type=\"widget\" data-e-type=\"widget\" data-widget_type=\"heading.default\">\n\t\t\t\t\t<h4 class=\"elementor-heading-title elementor-size-default\"><a href=\"https:\/\/www.youtube.com\/watch?v=4aLhS-b8k8c\">\nPetro pidi\u00f3 que la cumbre sea \u201cun faro de luz en medio de la barbarie\u201d, subrayando la urgencia de un di\u00e1logo entre civilizaciones, entre Am\u00e9rica\u202fLatina, el Caribe y Europa. \n\nHizo un fuerte llamado en favor del respeto a la vida, denunciando lo que calific\u00f3 como ejecuciones extrajudiciales en aguas del Caribe, en el contexto de operaciones militares que atribuye a otros pa\u00edses. \n\nInst\u00f3 a que la Comunidad de Estados Latinoamericanos y Caribe\u00f1os (CELAC) revise sus estatutos para ganar mayor operatividad, pues actualmente \u201cdecidir por consenso\u201d le resta capacidad de acci\u00f3n. \n\nDestac\u00f3 que los grandes retos como el cambio clim\u00e1tico, la transici\u00f3n energ\u00e9tica, la desigualdad y los conflictos globales solo pueden enfrentarse colectivamente, no desde un pa\u00eds aislado. \n\nSe\u00f1al\u00f3 que Am\u00e9rica Latina y el Caribe tienen una particular capacidad de interlocuci\u00f3n con distintas culturas (\u201cpor tener todas las sangres del mundo en sus venas\u201d) y por tanto pueden contribuir a una \u201chumanidad libre\u201d que reconozca las diferencias como riqueza, no como obst\u00e1culo...VER\n<\/a><\/h4>\t\t\t\t<\/div>\n\t\t\t\t\t<\/div>\n\t\t\t\t<\/div>\n\t\t<div class=\"elementor-element elementor-element-b9aeab2 e-flex e-con-boxed e-con e-parent\" data-id=\"b9aeab2\" data-element_type=\"container\" data-e-type=\"container\">\n\t\t\t\t\t<div class=\"e-con-inner\">\n\t\t\t\t<div class=\"elementor-element elementor-element-46abb2b elementor-widget elementor-widget-text-editor\" data-id=\"46abb2b\" data-element_type=\"widget\" data-e-type=\"widget\" data-widget_type=\"text-editor.default\">\n\t\t\t\t\t\t\t\t\t<p><strong>DECLARACI\u00d3N FINAL CONJUNTA CELAC-EU<\/strong>\u00a0 (descarga)\u00a0<\/p>\n<p><a href=\"https:\/\/cabildo-abierto.co\/wp-content\/uploads\/2025\/11\/v2025.11.09-5-DECLARACION-FINAL-CONJUNTA-IV-CUMBRE-CELAC-EU.pdf\">(v2025.11.09-5) DECLARACI\u00d3N FINAL CONJUNTA IV CUMBRE CELAC-EU<\/a><\/p>\t\t\t\t\t\t\t\t<\/div>\n\t\t\t\t\t<\/div>\n\t\t\t\t<\/div>\n\t\t<div class=\"elementor-element elementor-element-6d7fad4 e-flex e-con-boxed e-con e-parent\" data-id=\"6d7fad4\" data-element_type=\"container\" data-e-type=\"container\">\n\t\t\t\t\t<div class=\"e-con-inner\">\n\t\t<div class=\"elementor-element elementor-element-46c86d3 e-con-full e-flex e-con e-child\" data-id=\"46c86d3\" data-element_type=\"container\" data-e-type=\"container\">\n\t\t\t\t<div class=\"elementor-element elementor-element-6b109d9 elementor-widget elementor-widget-heading\" data-id=\"6b109d9\" data-element_type=\"widget\" data-e-type=\"widget\" data-widget_type=\"heading.default\">\n\t\t\t\t\t<h2 class=\"elementor-heading-title elementor-size-default\"><a href=\"https:\/\/www.youtube.com\/watch?v=dW2NtckbYqc\">Petro a la ONU, conferencia previa a la COP30<\/a><\/h2>\t\t\t\t<\/div>\n\t\t\t\t<\/div>\n\t\t\t\t\t<\/div>\n\t\t\t\t<\/div>\n\t\t<div class=\"elementor-element elementor-element-415b1bf e-flex e-con-boxed e-con e-parent\" data-id=\"415b1bf\" data-element_type=\"container\" data-e-type=\"container\">\n\t\t\t\t\t<div class=\"e-con-inner\">\n\t\t\t\t<div class=\"elementor-element elementor-element-bdfd85a elementor-widget elementor-widget-image\" data-id=\"bdfd85a\" data-element_type=\"widget\" data-e-type=\"widget\" data-widget_type=\"image.default\">\n\t\t\t\t\t\t\t\t\t\t\t\t\t\t\t\t<a href=\"https:\/\/www.youtube.com\/watch?v=4tCikp0PCK4\">\n\t\t\t\t\t\t\t<img decoding=\"async\" width=\"1024\" height=\"637\" src=\"https:\/\/cabildo-abierto.co\/wp-content\/uploads\/2025\/11\/PETRO-A-LA-ONU-80-CONF-1024x637.png\" class=\"attachment-large size-large wp-image-961\" alt=\"\" srcset=\"https:\/\/cabildo-abierto.co\/wp-content\/uploads\/2025\/11\/PETRO-A-LA-ONU-80-CONF-1024x637.png 1024w, https:\/\/cabildo-abierto.co\/wp-content\/uploads\/2025\/11\/PETRO-A-LA-ONU-80-CONF-300x186.png 300w, https:\/\/cabildo-abierto.co\/wp-content\/uploads\/2025\/11\/PETRO-A-LA-ONU-80-CONF-768x477.png 768w, https:\/\/cabildo-abierto.co\/wp-content\/uploads\/2025\/11\/PETRO-A-LA-ONU-80-CONF-600x373.png 600w, https:\/\/cabildo-abierto.co\/wp-content\/uploads\/2025\/11\/PETRO-A-LA-ONU-80-CONF.png 1028w\" sizes=\"(max-width: 1024px) 100vw, 1024px\" \/>\t\t\t\t\t\t\t\t<\/a>\n\t\t\t\t\t\t\t\t\t\t\t\t\t\t\t<\/div>\n\t\t\t\t\t<\/div>\n\t\t\t\t<\/div>\n\t\t<div class=\"elementor-element elementor-element-49a2257 e-flex e-con-boxed e-con e-parent\" data-id=\"49a2257\" data-element_type=\"container\" data-e-type=\"container\">\n\t\t\t\t\t<div class=\"e-con-inner\">\n\t\t\t\t<div class=\"elementor-element elementor-element-69a7dd9 elementor-widget elementor-widget-heading\" data-id=\"69a7dd9\" data-element_type=\"widget\" data-e-type=\"widget\" data-widget_type=\"heading.default\">\n\t\t\t\t\t<h4 class=\"elementor-heading-title elementor-size-default\"><a href=\"https:\/\/www.youtube.com\/watch?v=wUdHFfZs7-Q\">Objetivos clave del discurso de  Petro frente a la COP30\n\n-  Situar a Colombia dentro del debate clim\u00e1tico internacional, no s\u00f3lo como pa\u00eds vulnerado sino como impulsor de cambio.\n   \n <\/a><\/h4>\t\t\t\t<\/div>\n\t\t\t\t\t<\/div>\n\t\t\t\t<\/div>\n\t\t<div class=\"elementor-element elementor-element-9c338c8 e-flex e-con-boxed e-con e-parent\" data-id=\"9c338c8\" data-element_type=\"container\" data-e-type=\"container\">\n\t\t\t\t\t<div class=\"e-con-inner\">\n\t\t\t\t<div class=\"elementor-element elementor-element-fbd2669 elementor-widget elementor-widget-heading\" data-id=\"fbd2669\" data-element_type=\"widget\" data-e-type=\"widget\" data-widget_type=\"heading.default\">\n\t\t\t\t\t<h4 class=\"elementor-heading-title elementor-size-default\">- Enfatizar que la COP30 debe ir m\u00e1s all\u00e1 de declaraciones formales: exige financiamiento real, transici\u00f3n energ\u00e9tica justa, protecci\u00f3n de los ecosistemas (como los bosques tropicales) y una gobernanza clim\u00e1tica m\u00e1s equitativa. \n\n\n<\/h4>\t\t\t\t<\/div>\n\t\t\t\t\t<\/div>\n\t\t\t\t<\/div>\n\t\t<div class=\"elementor-element elementor-element-1b1abd4 e-flex e-con-boxed e-con e-parent\" data-id=\"1b1abd4\" data-element_type=\"container\" data-e-type=\"container\">\n\t\t\t\t\t<div class=\"e-con-inner\">\n\t\t\t\t<div class=\"elementor-element elementor-element-12f7b1a elementor-widget elementor-widget-heading\" data-id=\"12f7b1a\" data-element_type=\"widget\" data-e-type=\"widget\" data-widget_type=\"heading.default\">\n\t\t\t\t\t<h4 class=\"elementor-heading-title elementor-size-default\">\n-  Alertar sobre la necesidad de que los grandes emisores y los pa\u00edses ricos asuman mayores responsabilidades: tanto en recorte de emisiones como en transferencia de recursos hacia los pa\u00edses en desarrollo.\n\n<\/h4>\t\t\t\t<\/div>\n\t\t\t\t<div class=\"elementor-element elementor-element-351f91d elementor-widget elementor-widget-heading\" data-id=\"351f91d\" data-element_type=\"widget\" data-e-type=\"widget\" data-widget_type=\"heading.default\">\n\t\t\t\t\t<h2 class=\"elementor-heading-title elementor-size-default\">\nContexto y relevancia para la COP30\n\n<\/h2>\t\t\t\t<\/div>\n\t\t\t\t<div class=\"elementor-element elementor-element-f21c8d8 elementor-widget elementor-widget-heading\" data-id=\"f21c8d8\" data-element_type=\"widget\" data-e-type=\"widget\" data-widget_type=\"heading.default\">\n\t\t\t\t\t<h4 class=\"elementor-heading-title elementor-size-default\">\n\nLa COP30 se celebra en la ciudad de Bel\u00e9m do Par\u00e1, Brasil, en un momento en que Am\u00e9rica Latina adquiere protagonismo en el debate clim\u00e1tico global. \n\n\nLas cuestiones que Petro mencion\u00f3 \u2014financiamiento clim\u00e1tico, transici\u00f3n energ\u00e9tica, conservaci\u00f3n de bosques\u2014 son justamente ejes centrales de esa COP.\n\nSu discurso contribuye al impulso pol\u00edtico que se espera que los jefes de Estado den en la cumbre: no s\u00f3lo negociaciones t\u00e9cnicas, sino liderazgo y voluntad pol\u00edtica para implementar.<\/h4>\t\t\t\t<\/div>\n\t\t\t\t\t<\/div>\n\t\t\t\t<\/div>\n\t\t<div class=\"elementor-element elementor-element-2fe4689 e-flex e-con-boxed e-con e-parent\" data-id=\"2fe4689\" data-element_type=\"container\" data-e-type=\"container\">\n\t\t\t\t\t<div class=\"e-con-inner\">\n\t\t\t\t\t<\/div>\n\t\t\t\t<\/div>\n\t\t\t\t<\/div>\n\t\t","protected":false},"excerpt":{"rendered":"<p>https:\/\/www.youtube.com\/watch?v=7-nopaKiAm8 CUMBRE CELAC-UE 2025 EN SANTA MARTA&#8230; Petro pidi\u00f3 que la cumbre sea \u201cun faro de luz en medio de la barbarie\u201d, subrayando la urgencia de un di\u00e1logo entre civilizaciones, entre Am\u00e9rica\u202fLatina, el Caribe y Europa. Hizo un fuerte llamado en favor del respeto a la vida, denunciando lo que calific\u00f3 como ejecuciones extrajudiciales en [&hellip;]<\/p>\n","protected":false},"author":1,"featured_media":0,"parent":0,"menu_order":0,"comment_status":"closed","ping_status":"closed","template":"","meta":{"footnotes":""},"class_list":["post-598","page","type-page","status-publish","hentry"],"_links":{"self":[{"href":"https:\/\/cabildo-abierto.co\/index.php\/wp-json\/wp\/v2\/pages\/598","targetHints":{"allow":["GET"]}}],"collection":[{"href":"https:\/\/cabildo-abierto.co\/index.php\/wp-json\/wp\/v2\/pages"}],"about":[{"href":"https:\/\/cabildo-abierto.co\/index.php\/wp-json\/wp\/v2\/types\/page"}],"author":[{"embeddable":true,"href":"https:\/\/cabildo-abierto.co\/index.php\/wp-json\/wp\/v2\/users\/1"}],"replies":[{"embeddable":true,"href":"https:\/\/cabildo-abierto.co\/index.php\/wp-json\/wp\/v2\/comments?post=598"}],"version-history":[{"count":113,"href":"https:\/\/cabildo-abierto.co\/index.php\/wp-json\/wp\/v2\/pages\/598\/revisions"}],"predecessor-version":[{"id":1337,"href":"https:\/\/cabildo-abierto.co\/index.php\/wp-json\/wp\/v2\/pages\/598\/revisions\/1337"}],"wp:attachment":[{"href":"https:\/\/cabildo-abierto.co\/index.php\/wp-json\/wp\/v2\/media?parent=598"}],"curies":[{"name":"wp","href":"https:\/\/api.w.org\/{rel}","templated":true}]}}