{"id":567,"date":"2025-11-03T06:27:35","date_gmt":"2025-11-03T06:27:35","guid":{"rendered":"https:\/\/cabildo-abierto.co\/?page_id=567"},"modified":"2025-11-12T17:55:46","modified_gmt":"2025-11-12T17:55:46","slug":"todos-por-ivan","status":"publish","type":"page","link":"https:\/\/cabildo-abierto.co\/index.php\/todos-por-ivan\/","title":{"rendered":"TODOS POR IV\u00c1N"},"content":{"rendered":"\t\t<div data-elementor-type=\"wp-page\" data-elementor-id=\"567\" class=\"elementor elementor-567\">\n\t\t\t\t<div class=\"elementor-element elementor-element-afd617b e-flex e-con-boxed e-con e-parent\" data-id=\"afd617b\" data-element_type=\"container\" data-e-type=\"container\">\n\t\t\t\t\t<div class=\"e-con-inner\">\n\t\t\t\t<div class=\"elementor-element elementor-element-4257951 elementor-widget elementor-widget-heading\" data-id=\"4257951\" data-element_type=\"widget\" data-e-type=\"widget\" data-widget_type=\"heading.default\">\n\t\t\t\t\t<h2 class=\"elementor-heading-title elementor-size-default\">Descarga el programa completo de Ivan<\/h2>\t\t\t\t<\/div>\n\t\t\t\t\t<\/div>\n\t\t\t\t<\/div>\n\t\t<div class=\"elementor-element elementor-element-284f85e2 e-con-full e-flex e-con e-parent\" data-id=\"284f85e2\" data-element_type=\"container\" data-e-type=\"container\">\n\t\t\t\t<div class=\"elementor-element elementor-element-1202923c elementor-widget__width-initial elementor-widget elementor-widget-text-editor\" data-id=\"1202923c\" data-element_type=\"widget\" data-e-type=\"widget\" data-widget_type=\"text-editor.default\">\n\t\t\t\t\t\t\t\t\t\n<div data-wp-interactive=\"core\/file\" class=\"wp-block-file\"><object data-wp-bind--hidden=\"!state.hasPdfPreview\" hidden class=\"wp-block-file__embed\" style=\"width: 100%; height: 600px;\" data=\"https:\/\/cabildo-abierto.co\/wp-content\/uploads\/2025\/11\/000-IC-libro-TdeER-2025-oct-25-2025-14x21-v10.pdf\" type=\"application\/pdf\" width=\"300\" height=\"150\" aria-label=\"Incrustado de 000 IC - libro TdeER (2025) (oct-25-2025) (14x21) v10.\"><\/object><a id=\"wp-block-file--media-a58c1016-d84a-4dc9-8117-e5335a6a476f\" href=\"https:\/\/cabildo-abierto.co\/wp-content\/uploads\/2025\/11\/000-IC-libro-TdeER-2025-oct-25-2025-14x21-v10.pdf\">000 IC &#8211; libro TdeER (2025) (oct-25-2025) (14&#215;21) v10<\/a><a class=\"wp-block-file__button wp-element-button\" href=\"https:\/\/cabildo-abierto.co\/wp-content\/uploads\/2025\/11\/000-IC-libro-TdeER-2025-oct-25-2025-14x21-v10.pdf\" download=\"\" aria-describedby=\"wp-block-file--media-a58c1016-d84a-4dc9-8117-e5335a6a476f\">Descargar<\/a><\/div>\n\t\t\t\t\t\t\t\t<\/div>\n\t\t\t\t<\/div>\n\t\t<div class=\"elementor-element elementor-element-203c1f8 e-flex e-con-boxed e-con e-parent\" data-id=\"203c1f8\" data-element_type=\"container\" data-e-type=\"container\">\n\t\t\t\t\t<div class=\"e-con-inner\">\n\t\t\t\t<div class=\"elementor-element elementor-element-69ceaba elementor-widget elementor-widget-heading\" data-id=\"69ceaba\" data-element_type=\"widget\" data-e-type=\"widget\" data-widget_type=\"heading.default\">\n\t\t\t\t\t<h3 class=\"elementor-heading-title elementor-size-default\">Revoluci\u00f3n \u00e9tica : Transformar desde la ra\u00edz la conciencia colectiva e individual del pa\u00eds, erradicando la corrupci\u00f3n, la aporofobia, el racismo y el patriarcado para reinstaurar la dignidad humana. <\/h3>\t\t\t\t<\/div>\n\t\t\t\t\t<\/div>\n\t\t\t\t<\/div>\n\t\t<div class=\"elementor-element elementor-element-ccb4efb e-flex e-con-boxed e-con e-parent\" data-id=\"ccb4efb\" data-element_type=\"container\" data-e-type=\"container\">\n\t\t\t\t\t<div class=\"e-con-inner\">\n\t\t\t\t<div class=\"elementor-element elementor-element-e13b9d7 elementor-widget elementor-widget-heading\" data-id=\"e13b9d7\" data-element_type=\"widget\" data-e-type=\"widget\" data-widget_type=\"heading.default\">\n\t\t\t\t\t<h3 class=\"elementor-heading-title elementor-size-default\">Revoluci\u00f3n econ\u00f3mica y social : Promover una igualdad sustantiva \u2014no s\u00f3lo legal\u2014, erradicar la pobreza y la miseria, dar poder a los territorios rurales y urbanos marginados, y garantizar derechos econ\u00f3micos b\u00e1sicos como tierra, trabajo, vivienda y alimentaci\u00f3n.\n<\/h3>\t\t\t\t<\/div>\n\t\t\t\t\t<\/div>\n\t\t\t\t<\/div>\n\t\t<div class=\"elementor-element elementor-element-7100427 e-con-full e-flex e-con e-parent\" data-id=\"7100427\" data-element_type=\"container\" data-e-type=\"container\">\n\t\t\t\t<div class=\"elementor-element elementor-element-8314505 elementor-widget elementor-widget-heading\" data-id=\"8314505\" data-element_type=\"widget\" data-e-type=\"widget\" data-widget_type=\"heading.default\">\n\t\t\t\t\t<h3 class=\"elementor-heading-title elementor-size-default\"><a href=\"https:\/\/cabildo-abierto.co\/index.php\/acto-consulado-17-10-2025\/\">Revoluci\u00f3n pol\u00edtica y democr\u00e1tica : Profundizar la democracia real, redistribuir el poder, abrir la participaci\u00f3n ciudadana y reformar las instituciones para que sean verdaderamente representativas, soberanas y al servicio de la mayor\u00eda. <\/a><\/h3>\t\t\t\t<\/div>\n\t\t\t\t<\/div>\n\t\t<div class=\"elementor-element elementor-element-f034777 e-con-full e-flex e-con e-parent\" data-id=\"f034777\" data-element_type=\"container\" data-e-type=\"container\">\n\t\t\t\t<div class=\"elementor-element elementor-element-fa9e1e4 elementor-widget elementor-widget-image\" data-id=\"fa9e1e4\" data-element_type=\"widget\" data-e-type=\"widget\" data-widget_type=\"image.default\">\n\t\t\t\t\t\t\t\t\t\t\t\t\t\t\t<img fetchpriority=\"high\" decoding=\"async\" width=\"855\" height=\"602\" src=\"https:\/\/cabildo-abierto.co\/wp-content\/uploads\/2025\/11\/colombia-potecia-mundial.png\" class=\"attachment-large size-large wp-image-748\" alt=\"\" srcset=\"https:\/\/cabildo-abierto.co\/wp-content\/uploads\/2025\/11\/colombia-potecia-mundial.png 855w, https:\/\/cabildo-abierto.co\/wp-content\/uploads\/2025\/11\/colombia-potecia-mundial-300x211.png 300w, https:\/\/cabildo-abierto.co\/wp-content\/uploads\/2025\/11\/colombia-potecia-mundial-768x541.png 768w, https:\/\/cabildo-abierto.co\/wp-content\/uploads\/2025\/11\/colombia-potecia-mundial-600x422.png 600w\" sizes=\"(max-width: 855px) 100vw, 855px\" \/>\t\t\t\t\t\t\t\t\t\t\t\t\t\t\t<\/div>\n\t\t\t\t<\/div>\n\t\t<div class=\"elementor-element elementor-element-aca5ab1 e-flex e-con-boxed e-con e-parent\" data-id=\"aca5ab1\" data-element_type=\"container\" data-e-type=\"container\">\n\t\t\t\t\t<div class=\"e-con-inner\">\n\t\t\t\t<div class=\"elementor-element elementor-element-42fd2f9 elementor-widget elementor-widget-text-editor\" data-id=\"42fd2f9\" data-element_type=\"widget\" data-e-type=\"widget\" data-widget_type=\"text-editor.default\">\n\t\t\t\t\t\t\t\t\t<p><a href=\"https:\/\/cabildo-abierto.co\/wp-content\/uploads\/2025\/11\/000-IC-libro-TdeER-2025-oct-25-2025-14x21-v10.pdf\">000 IC &#8211; libro TdeER (2025) (oct-25-2025) (14&#215;21) v10<\/a><\/p>\t\t\t\t\t\t\t\t<\/div>\n\t\t\t\t\t<\/div>\n\t\t\t\t<\/div>\n\t\t<div class=\"elementor-element elementor-element-9f707b8 e-flex e-con-boxed e-con e-parent\" data-id=\"9f707b8\" data-element_type=\"container\" data-e-type=\"container\">\n\t\t\t\t\t<div class=\"e-con-inner\">\n\t\t\t\t<div class=\"elementor-element elementor-element-2b2e69e elementor-widget elementor-widget-heading\" data-id=\"2b2e69e\" data-element_type=\"widget\" data-e-type=\"widget\" data-widget_type=\"heading.default\">\n\t\t\t\t\t<h2 class=\"elementor-heading-title elementor-size-default\"><a href=\"https:\/\/www.youtube.com\/watch?v=B05IzK9dCTk\">ANUNCIO DE LA PRECANDIDATURA DE IVAN ...<\/a><\/h2>\t\t\t\t<\/div>\n\t\t\t\t\t<\/div>\n\t\t\t\t<\/div>\n\t\t<div class=\"elementor-element elementor-element-58c7605 e-flex e-con-boxed e-con e-parent\" data-id=\"58c7605\" data-element_type=\"container\" data-e-type=\"container\">\n\t\t\t\t\t<div class=\"e-con-inner\">\n\t\t\t\t<div class=\"elementor-element elementor-element-da7109f elementor-widget elementor-widget-image\" data-id=\"da7109f\" data-element_type=\"widget\" data-e-type=\"widget\" data-widget_type=\"image.default\">\n\t\t\t\t\t\t\t\t\t\t\t\t\t\t\t\t<a href=\"https:\/\/www.youtube.com\/watch?v=B05IzK9dCTk\">\n\t\t\t\t\t\t\t<img decoding=\"async\" width=\"897\" height=\"484\" src=\"https:\/\/cabildo-abierto.co\/wp-content\/uploads\/2025\/11\/IVAN-PRECANDIDATURA.png\" class=\"attachment-large size-large wp-image-920\" alt=\"\" srcset=\"https:\/\/cabildo-abierto.co\/wp-content\/uploads\/2025\/11\/IVAN-PRECANDIDATURA.png 897w, https:\/\/cabildo-abierto.co\/wp-content\/uploads\/2025\/11\/IVAN-PRECANDIDATURA-300x162.png 300w, https:\/\/cabildo-abierto.co\/wp-content\/uploads\/2025\/11\/IVAN-PRECANDIDATURA-768x414.png 768w, https:\/\/cabildo-abierto.co\/wp-content\/uploads\/2025\/11\/IVAN-PRECANDIDATURA-600x324.png 600w\" sizes=\"(max-width: 897px) 100vw, 897px\" \/>\t\t\t\t\t\t\t\t<\/a>\n\t\t\t\t\t\t\t\t\t\t\t\t\t\t\t<\/div>\n\t\t\t\t\t<\/div>\n\t\t\t\t<\/div>\n\t\t<div class=\"elementor-element elementor-element-8523e9f e-flex e-con-boxed e-con e-parent\" data-id=\"8523e9f\" data-element_type=\"container\" data-e-type=\"container\">\n\t\t\t\t\t<div class=\"e-con-inner\">\n\t\t\t\t\t<\/div>\n\t\t\t\t<\/div>\n\t\t<div class=\"elementor-element elementor-element-c5a50a0 e-flex e-con-boxed e-con e-parent\" data-id=\"c5a50a0\" data-element_type=\"container\" data-e-type=\"container\">\n\t\t\t\t\t<div class=\"e-con-inner\">\n\t\t\t\t<div class=\"elementor-element elementor-element-6145e6d elementor-widget elementor-widget-heading\" data-id=\"6145e6d\" data-element_type=\"widget\" data-e-type=\"widget\" data-widget_type=\"heading.default\">\n\t\t\t\t\t<h3 class=\"elementor-heading-title elementor-size-default\">DISCURSO DE IV\u00c1N CEPEDA TRAS LA VICTORIA EN LA CONSULTA DEL PACTO HIST\u00d3RICO<\/h3>\t\t\t\t<\/div>\n\t\t\t\t\t<\/div>\n\t\t\t\t<\/div>\n\t\t<div class=\"elementor-element elementor-element-d4ef68d e-flex e-con-boxed e-con e-parent\" data-id=\"d4ef68d\" data-element_type=\"container\" data-e-type=\"container\">\n\t\t\t\t\t<div class=\"e-con-inner\">\n\t\t\t\t<div class=\"elementor-element elementor-element-76e93e9 elementor-widget elementor-widget-image\" data-id=\"76e93e9\" data-element_type=\"widget\" data-e-type=\"widget\" data-widget_type=\"image.default\">\n\t\t\t\t\t\t\t\t\t\t\t\t\t\t\t\t<a href=\"https:\/\/www.youtube.com\/watch?v=wUdHFfZs7-Q\">\n\t\t\t\t\t\t\t<img decoding=\"async\" width=\"257\" height=\"273\" src=\"https:\/\/cabildo-abierto.co\/wp-content\/uploads\/2025\/11\/colaboratrices1-ivan.png\" class=\"attachment-large size-large wp-image-860\" alt=\"\" \/>\t\t\t\t\t\t\t\t<\/a>\n\t\t\t\t\t\t\t\t\t\t\t\t\t\t\t<\/div>\n\t\t\t\t\t<\/div>\n\t\t\t\t<\/div>\n\t\t\t\t<\/div>\n\t\t","protected":false},"excerpt":{"rendered":"<p>Descarga el programa completo de Ivan Revoluci\u00f3n \u00e9tica : Transformar desde la ra\u00edz la conciencia colectiva e individual del pa\u00eds, erradicando la corrupci\u00f3n, la aporofobia, el racismo y el patriarcado para reinstaurar la dignidad humana. Revoluci\u00f3n econ\u00f3mica y social : Promover una igualdad sustantiva \u2014no s\u00f3lo legal\u2014, erradicar la pobreza y la miseria, dar poder [&hellip;]<\/p>\n","protected":false},"author":1,"featured_media":0,"parent":0,"menu_order":0,"comment_status":"closed","ping_status":"closed","template":"","meta":{"footnotes":""},"class_list":["post-567","page","type-page","status-publish","hentry"],"_links":{"self":[{"href":"https:\/\/cabildo-abierto.co\/index.php\/wp-json\/wp\/v2\/pages\/567","targetHints":{"allow":["GET"]}}],"collection":[{"href":"https:\/\/cabildo-abierto.co\/index.php\/wp-json\/wp\/v2\/pages"}],"about":[{"href":"https:\/\/cabildo-abierto.co\/index.php\/wp-json\/wp\/v2\/types\/page"}],"author":[{"embeddable":true,"href":"https:\/\/cabildo-abierto.co\/index.php\/wp-json\/wp\/v2\/users\/1"}],"replies":[{"embeddable":true,"href":"https:\/\/cabildo-abierto.co\/index.php\/wp-json\/wp\/v2\/comments?post=567"}],"version-history":[{"count":55,"href":"https:\/\/cabildo-abierto.co\/index.php\/wp-json\/wp\/v2\/pages\/567\/revisions"}],"predecessor-version":[{"id":1028,"href":"https:\/\/cabildo-abierto.co\/index.php\/wp-json\/wp\/v2\/pages\/567\/revisions\/1028"}],"wp:attachment":[{"href":"https:\/\/cabildo-abierto.co\/index.php\/wp-json\/wp\/v2\/media?parent=567"}],"curies":[{"name":"wp","href":"https:\/\/api.w.org\/{rel}","templated":true}]}}