{"id":415,"date":"2025-10-18T16:41:32","date_gmt":"2025-10-18T16:41:32","guid":{"rendered":"https:\/\/cabildo-abierto.co\/?page_id=415"},"modified":"2025-11-03T05:30:03","modified_gmt":"2025-11-03T05:30:03","slug":"acto-consulado-17-10-2025","status":"publish","type":"page","link":"https:\/\/cabildo-abierto.co\/index.php\/acto-consulado-17-10-2025\/","title":{"rendered":"Acto Consulado 17\/10\/2025"},"content":{"rendered":"\n<h2 class=\"wp-block-heading\"><strong>Entrega de carta al consulado de Par\u00eds : rechazo a la exclusi\u00f3n del voto de los colombianos en el exterior en\u00a0consulta\u00a026\/10<\/strong>\/2025<\/h2>\n\n\n\n<div class=\"wp-block-columns is-layout-flex wp-container-core-columns-is-layout-28f84493 wp-block-columns-is-layout-flex\">\n<div class=\"wp-block-column is-layout-flow wp-block-column-is-layout-flow\">\n<p>El 17 de octubre de 2025, en el Consulado de Colombia en Par\u00eds, miembros del Pacto Hist\u00f3rico, representantes de las campa\u00f1as de Ivan Cepeda y de Carolina Corcho y el movimiento SomosMigrantes, depositamos un comunicado de rechazo a las decisiones de la Registradur\u00eda Nacional y el CN<\/p>\n<\/div>\n\n\n\n<div class=\"wp-block-column is-layout-flow wp-block-column-is-layout-flow\">\n<figure class=\"wp-block-image size-full\"><img fetchpriority=\"high\" decoding=\"async\" width=\"718\" height=\"404\" src=\"https:\/\/cabildo-abierto.co\/wp-content\/uploads\/2025\/10\/FOTO-CONSULADO-17102025-02.jpg\" alt=\"\" class=\"wp-image-431\" srcset=\"https:\/\/cabildo-abierto.co\/wp-content\/uploads\/2025\/10\/FOTO-CONSULADO-17102025-02.jpg 718w, https:\/\/cabildo-abierto.co\/wp-content\/uploads\/2025\/10\/FOTO-CONSULADO-17102025-02-600x338.jpg 600w, https:\/\/cabildo-abierto.co\/wp-content\/uploads\/2025\/10\/FOTO-CONSULADO-17102025-02-300x169.jpg 300w\" sizes=\"(max-width: 718px) 100vw, 718px\" \/><\/figure>\n<\/div>\n<\/div>\n\n\n\n<div class=\"wp-block-columns is-layout-flex wp-container-core-columns-is-layout-28f84493 wp-block-columns-is-layout-flex\">\n<div class=\"wp-block-column is-layout-flow wp-block-column-is-layout-flow\">\n<figure class=\"wp-block-image size-large\"><img decoding=\"async\" width=\"1024\" height=\"947\" src=\"https:\/\/cabildo-abierto.co\/wp-content\/uploads\/2025\/10\/FOTO-CONSULADO-17102025-1-1-1024x947.jpg\" alt=\"\" class=\"wp-image-425\" srcset=\"https:\/\/cabildo-abierto.co\/wp-content\/uploads\/2025\/10\/FOTO-CONSULADO-17102025-1-1-1024x947.jpg 1024w, https:\/\/cabildo-abierto.co\/wp-content\/uploads\/2025\/10\/FOTO-CONSULADO-17102025-1-1-600x555.jpg 600w, https:\/\/cabildo-abierto.co\/wp-content\/uploads\/2025\/10\/FOTO-CONSULADO-17102025-1-1-300x278.jpg 300w, https:\/\/cabildo-abierto.co\/wp-content\/uploads\/2025\/10\/FOTO-CONSULADO-17102025-1-1-768x711.jpg 768w, https:\/\/cabildo-abierto.co\/wp-content\/uploads\/2025\/10\/FOTO-CONSULADO-17102025-1-1-850x786.jpg 850w, https:\/\/cabildo-abierto.co\/wp-content\/uploads\/2025\/10\/FOTO-CONSULADO-17102025-1-1.jpg 1283w\" sizes=\"(max-width: 1024px) 100vw, 1024px\" \/><\/figure>\n<\/div>\n\n\n\n<div class=\"wp-block-column is-layout-flow wp-block-column-is-layout-flow\">\n<figure class=\"wp-block-image size-large\"><img decoding=\"async\" width=\"576\" height=\"1024\" src=\"https:\/\/cabildo-abierto.co\/wp-content\/uploads\/2025\/10\/FOTO-CONSULADO-17102025-2-576x1024.jpg\" alt=\"\" class=\"wp-image-426\" srcset=\"https:\/\/cabildo-abierto.co\/wp-content\/uploads\/2025\/10\/FOTO-CONSULADO-17102025-2-576x1024.jpg 576w, https:\/\/cabildo-abierto.co\/wp-content\/uploads\/2025\/10\/FOTO-CONSULADO-17102025-2-600x1066.jpg 600w, https:\/\/cabildo-abierto.co\/wp-content\/uploads\/2025\/10\/FOTO-CONSULADO-17102025-2-169x300.jpg 169w, https:\/\/cabildo-abierto.co\/wp-content\/uploads\/2025\/10\/FOTO-CONSULADO-17102025-2-768x1365.jpg 768w, https:\/\/cabildo-abierto.co\/wp-content\/uploads\/2025\/10\/FOTO-CONSULADO-17102025-2-864x1536.jpg 864w, https:\/\/cabildo-abierto.co\/wp-content\/uploads\/2025\/10\/FOTO-CONSULADO-17102025-2-300x533.jpg 300w, https:\/\/cabildo-abierto.co\/wp-content\/uploads\/2025\/10\/FOTO-CONSULADO-17102025-2-850x1510.jpg 850w, https:\/\/cabildo-abierto.co\/wp-content\/uploads\/2025\/10\/FOTO-CONSULADO-17102025-2.jpg 1148w\" sizes=\"(max-width: 576px) 100vw, 576px\" \/><\/figure>\n<\/div>\n\n\n\n<div class=\"wp-block-column is-layout-flow wp-block-column-is-layout-flow\">\n<figure class=\"wp-block-image size-large\"><img loading=\"lazy\" decoding=\"async\" width=\"1024\" height=\"576\" src=\"https:\/\/cabildo-abierto.co\/wp-content\/uploads\/2025\/10\/consulado17102025-102-1024x576.jpg\" alt=\"\" class=\"wp-image-537\" srcset=\"https:\/\/cabildo-abierto.co\/wp-content\/uploads\/2025\/10\/consulado17102025-102-1024x576.jpg 1024w, https:\/\/cabildo-abierto.co\/wp-content\/uploads\/2025\/10\/consulado17102025-102-600x338.jpg 600w, https:\/\/cabildo-abierto.co\/wp-content\/uploads\/2025\/10\/consulado17102025-102-300x169.jpg 300w, https:\/\/cabildo-abierto.co\/wp-content\/uploads\/2025\/10\/consulado17102025-102-768x432.jpg 768w, https:\/\/cabildo-abierto.co\/wp-content\/uploads\/2025\/10\/consulado17102025-102-1536x864.jpg 1536w, https:\/\/cabildo-abierto.co\/wp-content\/uploads\/2025\/10\/consulado17102025-102-850x478.jpg 850w, https:\/\/cabildo-abierto.co\/wp-content\/uploads\/2025\/10\/consulado17102025-102.jpg 2040w\" sizes=\"(max-width: 1024px) 100vw, 1024px\" \/><\/figure>\n\n\n\n<figure class=\"wp-block-image size-full\"><img loading=\"lazy\" decoding=\"async\" width=\"737\" height=\"457\" src=\"https:\/\/cabildo-abierto.co\/wp-content\/uploads\/2025\/10\/c17102025onsukado.png\" alt=\"\" class=\"wp-image-539\" srcset=\"https:\/\/cabildo-abierto.co\/wp-content\/uploads\/2025\/10\/c17102025onsukado.png 737w, https:\/\/cabildo-abierto.co\/wp-content\/uploads\/2025\/10\/c17102025onsukado-600x372.png 600w, https:\/\/cabildo-abierto.co\/wp-content\/uploads\/2025\/10\/c17102025onsukado-300x186.png 300w\" sizes=\"(max-width: 737px) 100vw, 737px\" \/><\/figure>\n<\/div>\n<\/div>\n\n\n\n<h2 class=\"wp-block-heading\"><strong>Contenido de la carta entregada en el consulado<\/strong> :<\/h2>\n\n\n\n<pre class=\"wp-block-preformatted\"><img loading=\"lazy\" decoding=\"async\" width=\"1000\" height=\"1406\" class=\"wp-image-545\" style=\"width: 1000px;\" src=\"https:\/\/cabildo-abierto.co\/wp-content\/uploads\/2025\/10\/comunicado-2025-10-20-005238.png\" alt=\"\" srcset=\"https:\/\/cabildo-abierto.co\/wp-content\/uploads\/2025\/10\/comunicado-2025-10-20-005238.png 542w, https:\/\/cabildo-abierto.co\/wp-content\/uploads\/2025\/10\/comunicado-2025-10-20-005238-213x300.png 213w, https:\/\/cabildo-abierto.co\/wp-content\/uploads\/2025\/10\/comunicado-2025-10-20-005238-300x422.png 300w\" sizes=\"(max-width: 1000px) 100vw, 1000px\" \/><\/pre>\n\n\n\n<p><\/p>\n","protected":false},"excerpt":{"rendered":"<p>Entrega de carta al consulado de Par\u00eds : rechazo a la exclusi\u00f3n del voto de los colombianos en el exterior en\u00a0consulta\u00a026\/10\/2025 El 17 de octubre de 2025, en el Consulado de Colombia en Par\u00eds, miembros del Pacto Hist\u00f3rico, representantes de las campa\u00f1as de Ivan Cepeda y de Carolina Corcho y el movimiento SomosMigrantes, depositamos un [&hellip;]<\/p>\n","protected":false},"author":1,"featured_media":0,"parent":0,"menu_order":0,"comment_status":"closed","ping_status":"closed","template":"","meta":{"footnotes":""},"class_list":["post-415","page","type-page","status-publish","hentry"],"_links":{"self":[{"href":"https:\/\/cabildo-abierto.co\/index.php\/wp-json\/wp\/v2\/pages\/415","targetHints":{"allow":["GET"]}}],"collection":[{"href":"https:\/\/cabildo-abierto.co\/index.php\/wp-json\/wp\/v2\/pages"}],"about":[{"href":"https:\/\/cabildo-abierto.co\/index.php\/wp-json\/wp\/v2\/types\/page"}],"author":[{"embeddable":true,"href":"https:\/\/cabildo-abierto.co\/index.php\/wp-json\/wp\/v2\/users\/1"}],"replies":[{"embeddable":true,"href":"https:\/\/cabildo-abierto.co\/index.php\/wp-json\/wp\/v2\/comments?post=415"}],"version-history":[{"count":6,"href":"https:\/\/cabildo-abierto.co\/index.php\/wp-json\/wp\/v2\/pages\/415\/revisions"}],"predecessor-version":[{"id":552,"href":"https:\/\/cabildo-abierto.co\/index.php\/wp-json\/wp\/v2\/pages\/415\/revisions\/552"}],"wp:attachment":[{"href":"https:\/\/cabildo-abierto.co\/index.php\/wp-json\/wp\/v2\/media?parent=415"}],"curies":[{"name":"wp","href":"https:\/\/api.w.org\/{rel}","templated":true}]}}