{"id":229,"date":"2025-10-17T21:28:16","date_gmt":"2025-10-17T21:28:16","guid":{"rendered":"https:\/\/cabildo-abierto.co\/?page_id=229"},"modified":"2025-11-11T07:37:00","modified_gmt":"2025-11-11T07:37:00","slug":"actividades","status":"publish","type":"page","link":"https:\/\/cabildo-abierto.co\/index.php\/actividades\/","title":{"rendered":"ACTIVIDADES"},"content":{"rendered":"\n<div class=\"wp-block-columns is-layout-flex wp-container-core-columns-is-layout-28f84493 wp-block-columns-is-layout-flex\">\n<div class=\"wp-block-column is-layout-flow wp-block-column-is-layout-flow\">\n<figure class=\"wp-block-image size-full\"><img fetchpriority=\"high\" decoding=\"async\" width=\"617\" height=\"702\" src=\"https:\/\/cabildo-abierto.co\/wp-content\/uploads\/2025\/10\/ACTIVITE01-1.png\" alt=\"\" class=\"wp-image-232\" srcset=\"https:\/\/cabildo-abierto.co\/wp-content\/uploads\/2025\/10\/ACTIVITE01-1.png 617w, https:\/\/cabildo-abierto.co\/wp-content\/uploads\/2025\/10\/ACTIVITE01-1-600x683.png 600w, https:\/\/cabildo-abierto.co\/wp-content\/uploads\/2025\/10\/ACTIVITE01-1-264x300.png 264w, https:\/\/cabildo-abierto.co\/wp-content\/uploads\/2025\/10\/ACTIVITE01-1-300x341.png 300w\" sizes=\"(max-width: 617px) 100vw, 617px\" \/><\/figure>\n<\/div>\n\n\n\n<div class=\"wp-block-column is-layout-flow wp-block-column-is-layout-flow\">\n<figure class=\"wp-block-image size-full\"><img decoding=\"async\" width=\"568\" height=\"643\" src=\"https:\/\/cabildo-abierto.co\/wp-content\/uploads\/2025\/10\/ACTIVITE05-1.png\" alt=\"\" class=\"wp-image-233\" srcset=\"https:\/\/cabildo-abierto.co\/wp-content\/uploads\/2025\/10\/ACTIVITE05-1.png 568w, https:\/\/cabildo-abierto.co\/wp-content\/uploads\/2025\/10\/ACTIVITE05-1-265x300.png 265w, https:\/\/cabildo-abierto.co\/wp-content\/uploads\/2025\/10\/ACTIVITE05-1-300x340.png 300w\" sizes=\"(max-width: 568px) 100vw, 568px\" \/><\/figure>\n<\/div>\n<\/div>\n\n\n\n<div class=\"wp-block-columns is-layout-flex wp-container-core-columns-is-layout-28f84493 wp-block-columns-is-layout-flex\">\n<div class=\"wp-block-column is-layout-flow wp-block-column-is-layout-flow\"><\/div>\n<\/div>\n\n\n\n<figure class=\"wp-block-image size-full\"><img decoding=\"async\" width=\"858\" height=\"405\" src=\"https:\/\/cabildo-abierto.co\/wp-content\/uploads\/2025\/10\/ACTIVITE07-1.png\" alt=\"\" class=\"wp-image-245\" srcset=\"https:\/\/cabildo-abierto.co\/wp-content\/uploads\/2025\/10\/ACTIVITE07-1.png 858w, https:\/\/cabildo-abierto.co\/wp-content\/uploads\/2025\/10\/ACTIVITE07-1-600x283.png 600w, https:\/\/cabildo-abierto.co\/wp-content\/uploads\/2025\/10\/ACTIVITE07-1-300x142.png 300w, https:\/\/cabildo-abierto.co\/wp-content\/uploads\/2025\/10\/ACTIVITE07-1-768x363.png 768w, https:\/\/cabildo-abierto.co\/wp-content\/uploads\/2025\/10\/ACTIVITE07-1-850x401.png 850w\" sizes=\"(max-width: 858px) 100vw, 858px\" \/><\/figure>\n\n\n\n<figure class=\"wp-block-image size-full\"><img loading=\"lazy\" decoding=\"async\" width=\"854\" height=\"480\" src=\"https:\/\/cabildo-abierto.co\/wp-content\/uploads\/2025\/10\/ACTIVITE08.png\" alt=\"\" class=\"wp-image-246\" srcset=\"https:\/\/cabildo-abierto.co\/wp-content\/uploads\/2025\/10\/ACTIVITE08.png 854w, https:\/\/cabildo-abierto.co\/wp-content\/uploads\/2025\/10\/ACTIVITE08-600x337.png 600w, https:\/\/cabildo-abierto.co\/wp-content\/uploads\/2025\/10\/ACTIVITE08-300x169.png 300w, https:\/\/cabildo-abierto.co\/wp-content\/uploads\/2025\/10\/ACTIVITE08-768x432.png 768w, https:\/\/cabildo-abierto.co\/wp-content\/uploads\/2025\/10\/ACTIVITE08-850x478.png 850w\" sizes=\"(max-width: 854px) 100vw, 854px\" \/><\/figure>\n\n\n\n<figure class=\"wp-block-image size-full\"><img loading=\"lazy\" decoding=\"async\" width=\"853\" height=\"445\" src=\"https:\/\/cabildo-abierto.co\/wp-content\/uploads\/2025\/10\/ACTIVITE08-2.png\" alt=\"\" class=\"wp-image-248\" srcset=\"https:\/\/cabildo-abierto.co\/wp-content\/uploads\/2025\/10\/ACTIVITE08-2.png 853w, https:\/\/cabildo-abierto.co\/wp-content\/uploads\/2025\/10\/ACTIVITE08-2-600x313.png 600w, https:\/\/cabildo-abierto.co\/wp-content\/uploads\/2025\/10\/ACTIVITE08-2-300x157.png 300w, https:\/\/cabildo-abierto.co\/wp-content\/uploads\/2025\/10\/ACTIVITE08-2-768x401.png 768w, https:\/\/cabildo-abierto.co\/wp-content\/uploads\/2025\/10\/ACTIVITE08-2-850x443.png 850w\" sizes=\"(max-width: 853px) 100vw, 853px\" \/><\/figure>\n\n\n\n<figure class=\"wp-block-image size-full\"><img loading=\"lazy\" decoding=\"async\" width=\"850\" height=\"423\" src=\"https:\/\/cabildo-abierto.co\/wp-content\/uploads\/2025\/10\/ACTIVITE08-1.png\" alt=\"\" class=\"wp-image-247\" srcset=\"https:\/\/cabildo-abierto.co\/wp-content\/uploads\/2025\/10\/ACTIVITE08-1.png 850w, https:\/\/cabildo-abierto.co\/wp-content\/uploads\/2025\/10\/ACTIVITE08-1-600x299.png 600w, https:\/\/cabildo-abierto.co\/wp-content\/uploads\/2025\/10\/ACTIVITE08-1-300x149.png 300w, https:\/\/cabildo-abierto.co\/wp-content\/uploads\/2025\/10\/ACTIVITE08-1-768x382.png 768w\" sizes=\"(max-width: 850px) 100vw, 850px\" \/><\/figure>\n\n\n\n<figure class=\"wp-block-image size-full\"><img loading=\"lazy\" decoding=\"async\" width=\"844\" height=\"444\" src=\"https:\/\/cabildo-abierto.co\/wp-content\/uploads\/2025\/10\/ACTIVITE09-2.png\" alt=\"\" class=\"wp-image-249\" srcset=\"https:\/\/cabildo-abierto.co\/wp-content\/uploads\/2025\/10\/ACTIVITE09-2.png 844w, https:\/\/cabildo-abierto.co\/wp-content\/uploads\/2025\/10\/ACTIVITE09-2-600x316.png 600w, https:\/\/cabildo-abierto.co\/wp-content\/uploads\/2025\/10\/ACTIVITE09-2-300x158.png 300w, https:\/\/cabildo-abierto.co\/wp-content\/uploads\/2025\/10\/ACTIVITE09-2-768x404.png 768w\" sizes=\"(max-width: 844px) 100vw, 844px\" \/><\/figure>\n\n\n\n<figure class=\"wp-block-image size-full\"><img loading=\"lazy\" decoding=\"async\" width=\"667\" height=\"374\" src=\"https:\/\/cabildo-abierto.co\/wp-content\/uploads\/2025\/10\/ACTIVITE09-3.png\" alt=\"\" class=\"wp-image-250\" srcset=\"https:\/\/cabildo-abierto.co\/wp-content\/uploads\/2025\/10\/ACTIVITE09-3.png 667w, https:\/\/cabildo-abierto.co\/wp-content\/uploads\/2025\/10\/ACTIVITE09-3-600x336.png 600w, https:\/\/cabildo-abierto.co\/wp-content\/uploads\/2025\/10\/ACTIVITE09-3-300x168.png 300w\" sizes=\"(max-width: 667px) 100vw, 667px\" \/><\/figure>\n\n\n\n<h2 class=\"wp-block-heading\">CONSTRUYENDO PROYECTO UNITARIO  :            <\/h2>\n\n\n\n<h2 class=\"wp-block-heading\"><strong>ACTO EN EL CONSULADO <\/strong><\/h2>\n\n\n\n<div class=\"wp-block-columns is-layout-flex wp-container-core-columns-is-layout-28f84493 wp-block-columns-is-layout-flex\">\n<div class=\"wp-block-column is-layout-flow wp-block-column-is-layout-flow\">\n<p>El 17 de octubre de 2025, en el Consulado de Colombia en Par\u00eds, miembros del Pacto Hist\u00f3rico, representantes de las campa\u00f1as de Ivan Cepeda y de Carolina Corcho y el movimiento SomosMigrantes, depositamos un comunicado de rechazo a las decisiones de la Registradur\u00eda Nacional y el CNE. <\/p>\n\n\n\n<p><a href=\"https:\/\/cabildo-abierto.co\/index.php\/acto-consulado-17-10-2025\/\">Leer mas\u2026<\/a><\/p>\n<\/div>\n\n\n\n<div class=\"wp-block-column is-layout-flow wp-block-column-is-layout-flow\">\n<figure class=\"wp-block-image size-full\"><img loading=\"lazy\" decoding=\"async\" width=\"718\" height=\"404\" src=\"https:\/\/cabildo-abierto.co\/wp-content\/uploads\/2025\/11\/FOTO-CONSULADO-17102025-01.jpg\" alt=\"\" class=\"wp-image-629\" srcset=\"https:\/\/cabildo-abierto.co\/wp-content\/uploads\/2025\/11\/FOTO-CONSULADO-17102025-01.jpg 718w, https:\/\/cabildo-abierto.co\/wp-content\/uploads\/2025\/11\/FOTO-CONSULADO-17102025-01-600x338.jpg 600w, https:\/\/cabildo-abierto.co\/wp-content\/uploads\/2025\/11\/FOTO-CONSULADO-17102025-01-300x169.jpg 300w\" sizes=\"(max-width: 718px) 100vw, 718px\" \/><\/figure>\n\n\n\n<h1 class=\"wp-block-heading has-text-align-center\"> <strong>10<\/strong><\/h1>\n<\/div>\n<\/div>\n\n\n\n<p><\/p>\n","protected":false},"excerpt":{"rendered":"<p>CONSTRUYENDO PROYECTO UNITARIO : ACTO EN EL CONSULADO El 17 de octubre de 2025, en el Consulado de Colombia en Par\u00eds, miembros del Pacto Hist\u00f3rico, representantes de las campa\u00f1as de Ivan Cepeda y de Carolina Corcho y el movimiento SomosMigrantes, depositamos un comunicado de rechazo a las decisiones de la Registradur\u00eda Nacional y el CNE. [&hellip;]<\/p>\n","protected":false},"author":1,"featured_media":0,"parent":0,"menu_order":0,"comment_status":"closed","ping_status":"closed","template":"","meta":{"footnotes":""},"class_list":["post-229","page","type-page","status-publish","hentry"],"_links":{"self":[{"href":"https:\/\/cabildo-abierto.co\/index.php\/wp-json\/wp\/v2\/pages\/229","targetHints":{"allow":["GET"]}}],"collection":[{"href":"https:\/\/cabildo-abierto.co\/index.php\/wp-json\/wp\/v2\/pages"}],"about":[{"href":"https:\/\/cabildo-abierto.co\/index.php\/wp-json\/wp\/v2\/types\/page"}],"author":[{"embeddable":true,"href":"https:\/\/cabildo-abierto.co\/index.php\/wp-json\/wp\/v2\/users\/1"}],"replies":[{"embeddable":true,"href":"https:\/\/cabildo-abierto.co\/index.php\/wp-json\/wp\/v2\/comments?post=229"}],"version-history":[{"count":6,"href":"https:\/\/cabildo-abierto.co\/index.php\/wp-json\/wp\/v2\/pages\/229\/revisions"}],"predecessor-version":[{"id":912,"href":"https:\/\/cabildo-abierto.co\/index.php\/wp-json\/wp\/v2\/pages\/229\/revisions\/912"}],"wp:attachment":[{"href":"https:\/\/cabildo-abierto.co\/index.php\/wp-json\/wp\/v2\/media?parent=229"}],"curies":[{"name":"wp","href":"https:\/\/api.w.org\/{rel}","templated":true}]}}