{"id":1243,"date":"2026-02-01T20:53:06","date_gmt":"2026-02-01T20:53:06","guid":{"rendered":"https:\/\/cabildo-abierto.co\/?page_id=1243"},"modified":"2026-02-01T20:53:07","modified_gmt":"2026-02-01T20:53:07","slug":"discurso-de-ivan-en-armenia","status":"publish","type":"page","link":"https:\/\/cabildo-abierto.co\/index.php\/discurso-de-ivan-en-armenia\/","title":{"rendered":"DISCURSO DE IVAN EN ARMENIA"},"content":{"rendered":"\n<h2 class=\"wp-block-heading\">I<strong>VAN EN ARMENIA \u201cSomos la fuerza de la vida y la naturaleza\u201d<\/strong><\/h2>\n\n\n\n<p><\/p>\n\n\n\n<p>Unas cuantas reflexiones por escrito, sobre un tema que es fundamental para el pa\u00eds y para el eje cafetero, nuestra pol\u00edtica de defensa de la naturaleza y nuestra riqueza ambiental.<\/p>\n\n\n\n<p>El t\u00edtulo que lleva este discurso es: Somos la fuerza de la vida y la naturaleza.<\/p>\n\n\n\n<p>Me resulta muy grato venir a esta ciudad, con la que me unen lazos familiares entra\u00f1ables. Aqu\u00ed en abril de 1930, naci\u00f3 mi padre, Manuel Cepeda Vargas, senador de la Rep\u00fablica, asesinado como parte del genocidio pol\u00edtico contra la Uni\u00f3n Patri\u00f3tica, en el a\u00f1o 1994.<\/p>\n\n\n\n<p>Mucha de su rebeld\u00eda y de su esp\u00edritu de resistencia, debi\u00f3 heredar mi padre, de esta tierra y de su gente.<\/p>\n\n\n\n<p>El pueblo quindiano, se ha destacado por su luchas pol\u00edticas y sociales. Ha defendido f\u00e9rreamente sus derechos, como lo muestra por ejemplo, la defensa de la educaci\u00f3n p\u00fablica, que han hecho el magisterio y las grandes movilizaciones. Que han hecho los estudiantes, para mejorar condiciones laborales y defender la educaci\u00f3n p\u00fablica.<\/p>\n\n\n\n<p>\u00a1Que viva el magisterio y que vivan los estudiantes!<\/p>\n\n\n\n<p>Aqu\u00ed, el movimiento social y ambiental, ha protegido los ecosistemas, las monta\u00f1as de la cordillera central, los r\u00edos amenazados por la gran miner\u00eda y los intentos de imponer econom\u00eda de monocultivo.<\/p>\n\n\n\n<p>En honor a esa historia de luchas, y a los desaf\u00edos que hoy tenemos ante nosotros, vengo a comprometerme con ustedes, en que al ser elegido Presidente de la Rep\u00fablica, como ocurrir\u00e1 este a\u00f1o cuando triunfemos en primera vuelta, trabajar\u00e9 con mi equipo de gobierno, intensamente para que Quind\u00edo sea un pujante y pr\u00f3spero lugar del pa\u00eds, una zona agroambiental, para el turismo sostenible, comunitario y regenerativo. Para hacer respetar las consultas populares contra la gran miner\u00eda, y para liberar a esta ciudad y al departamento, de las mafias y redes criminales de la corrupci\u00f3n.<\/p>\n\n\n\n<p>Esa es nuestra gran tarea hoy, y por eso debo decirles, que a pesar de todos los obst\u00e1culos, trampas, campa\u00f1a sucias que se siguen urdiendo contra el Pacto Hist\u00f3rico, contra el presidente Gustavo Petro y contra mi candidatura, vamos a ganar este a\u00f1o, vamos a triunfar para elegir un segundo gobierno del pueblo y para el pueblo.<\/p>\n\n\n\n<p>Vamos a cerrarle el paso al se\u00f1or \u00c1lvaro Uribe V\u00e9lez y a la extrema derecha de \u00e9ste pa\u00eds.<\/p>\n\n\n\n<p>A pesar de que la extrema derecha se empe\u00f1a en negarlo, ocultarlo o minimizarlo, el cambio clim\u00e1tico y sus efectos, han puesto en grave peligro la supervivencia de la vida en nuestro planeta.<\/p>\n\n\n\n<p>Para nosotros desde la izquierda, desde los movimientos sociales desde el Pacto Hist\u00f3rico, en cambio, representamos un programa desde el comienzo del primer gobierno progresista elegido en 2022, centrado en la m\u00e1s radical defensa de la vida, y de la casa com\u00fan, como la llam\u00f3 el Papa Francisco, que recordamos con tanto afecto.<\/p>\n\n\n\n<p>Es un compromiso, compa\u00f1eras y compa\u00f1eros, con el futuro de la humanidad, es nuestra responsabilidad hist\u00f3rica con las pr\u00f3ximas generaciones, porque Colombia tiene la fortuna de ser una de las naciones de riqueza y biodiversidad m\u00e1s importante del planeta. Tenemos la suertela fortuna de una combinaci\u00f3n privilegiada de geograf\u00eda climas y ubicaci\u00f3n geogr\u00e1fica.<\/p>\n\n\n\n<p>Colombia es el \u00fanico pa\u00eds de Sudam\u00e9rica con costas tanto en el Caribe como en el Pac\u00edfico.<\/p>\n\n\n\n<p>Tenemos la cordillera de los Andes, que se divide en tres ramas que atraviesan de sur a norte el pa\u00eds, pisos t\u00e9rmicos que van desde nieves perpetuas hasta selvas tropicales, bosques andinos y valles interandinos.<\/p>\n\n\n\n<p>Somos una naci\u00f3n de agua, con grandes r\u00edos, humedales, ci\u00e9nagas, lagunas, manglares y glaciares.<\/p>\n\n\n\n<p>Tenemos grandes ecosistemas diversos, que convergen y generan mayor diversidad todav\u00eda. Sistemas como la Amazon\u00eda, el Choc\u00f3 biogeogr\u00e1fico, la Orinoqu\u00eda, el Caribe seco.<\/p>\n\n\n\n<p>Tenemos m\u00e1s del 50 por ciento de los p\u00e1ramos de todo el planeta, y adem\u00e1s como si todo esto fuera poco, somos uno de los pa\u00edses con mayor n\u00famero de aves, plantas, anfibios, reptiles y mariposas.<\/p>\n\n\n\n<p>Por eso Colombia es un territorio de valor estrat\u00e9gico para la humanidad, y para la vida en el planeta.<\/p>\n\n\n\n<p>Necesitamos garantizar la preservaci\u00f3n del equilibrio ecol\u00f3gico, y en consecuencia, como naci\u00f3n, como gobierno,como pueblo, debemos considerarnos guardianes y protectores de la vida, en nuestro territorio y en el mundo.<\/p>\n\n\n\n<p>Durante d\u00e9cadas, en nuestro pa\u00eds, sectores poderosos, especialmente bajo los gobiernos de la extrema derecha uribista, aliados con redes mafiosas y tambi\u00e9n criminales, o grupos armados ilegales, han puesto en pr\u00e1ctica el principio neoliberal, de que el mercado est\u00e1 por encima de la vida. Para eso se han ejecutado todos los m\u00e9todos de voraz e intensa depredaci\u00f3n.<\/p>\n\n\n\n<p>Se explota el oro, sacrificando el agua, se extrae el petr\u00f3leo, fracturando el suelo y tambi\u00e9n el subsuelo, se saca el carb\u00f3n, devastando la capa de vegetal, se practica la ganader\u00eda extensiva, deforestando se hace miner\u00eda transnacional desplazando comunidades enteras.<\/p>\n\n\n\n<p>Es un modelo que concibe los r\u00edos, como mercanc\u00edas, las monta\u00f1as, como yacimientos, los bosques, como barreras a derribar, las plantas y las especies animales, como mercanc\u00edas, material de experimento, o colecci\u00f3n.<\/p>\n\n\n\n<p>Pero este modelo, no s\u00f3lo devast\u00f3 ecosistemas, tambi\u00e9n ha generado violencia, porque cuando las comunidades se levantan para defender el agua, la tierra y la vida, cuando los pueblos ind\u00edgenas, afrodescendientes, campesinos y ambientalistas, han dicho no al despojo, la respuesta de sectores de ultraderecha que han gobernado el pa\u00eds, siempre han sido la masacre y el asesinato de l\u00edderes sociales, liderezas sociales y ambientalistas.<\/p>\n\n\n\n<p>El futuro de Colombia no puede ser y no puede estar, al servicio de un modelo que deja r\u00edos muertos y comunidad desplazadas.<\/p>\n\n\n\n<p>Nuestro futuro est\u00e1 en reconocer que la naturaleza no es una despensa inagotable, un centro comercial abierto a nuestro consumo ilimitado.<\/p>\n\n\n\n<p>El sistema que tenemos, es el sistema del consumo y el despilfarro ilimitado.<\/p>\n\n\n\n<p>La naturaleza es el sistema de la vida, y por lo tanto la posibilidad de existencia de toda sociedad y de nuestra especie biol\u00f3gica.<\/p>\n\n\n\n<p>El Pacto Hist\u00f3rico, nuestro gobierno, nuestro programa, han sabido valorar y asumir esa responsabilidad global.<\/p>\n\n\n\n<p>Desde que asumi\u00f3 su mandato, nuestro querido presidente Gustavo Petro, se ha convertido en un l\u00edder mundial de la protecci\u00f3n de la naturaleza, ha proclamado que somos un gobierno para la defensa de la vida, y que Colombia trabaja para ser, una potencia de la vida.<\/p>\n\n\n\n<p>Como lo dec\u00eda, la cuesti\u00f3n de defender la vida y la naturaleza, es un tema que nos distancia diametralmente de la extrema derecha, y de su jefe \u00c1lvaro Uribe V\u00e9lez.<\/p>\n\n\n\n<p>\u00c9l, y sus candidatas y candidatos, quieren que sigamos depredando la riqueza natural, sin ning\u00fan l\u00edmite con ego\u00edsmo y sin escr\u00fapulos.<\/p>\n\n\n\n<p>Quieren el fracking no aceptan la transici\u00f3n energ\u00e9tica y ecol\u00f3gica como una necesidad inaplazable. Invitan a las compa\u00f1\u00edas multinacionales a seguir explotando nuestros recursos sin control y con licencias ambientales expr\u00e9s. Consideran que las comunidades y las consultas previas son un estorbo. Quieren seguir la explotaci\u00f3n minera en los p\u00e1ramos, ven a los defensores ambientalistas, como parte del enemigo interno.<\/p>\n\n\n\n<p>Nuestra visi\u00f3n por el contrario, surge de las luchas sociales de comunidades organizadas, de movimientos ambientales, de campesinos de ind\u00edgenas que han protegido hist\u00f3ricamente los territorios.<\/p>\n\n\n\n<p>Queremos una verdadera transici\u00f3n ecol\u00f3gica con justicia social. Queremos una econom\u00eda responsable, sostenible, que se enfoque en la vida. Una bioeconom\u00eda que respete nuestra riqueza natural, y tambi\u00e9n que enriquezca la naci\u00f3n. Queremos que el agua sea un derecho, no m\u00e1s considerada una mercanc\u00eda, y ordenar el territorio rural y urbano en armon\u00eda con el respeto al agua y a las fuentes h\u00eddricas. Queremos que se respete a las comunidades, sus liderazgos, sus organizaciones, y que haya justicia ambiental. Que se sancione a quien asesine a los l\u00edderes ambientales, a las liderezas sociales, y que persiga las comunidades en los territorios.<\/p>\n\n\n\n<p>Que la Revoluci\u00f3n Agraria, as\u00ed la hemos llamado, pasaremos de la reforma, a la revoluci\u00f3n agraria. Queremos que la Revoluci\u00f3n Agraria, fomente un sistema agroecol\u00f3gico, que proteja la biodiversidad, fortalezca la econom\u00eda campesina, asegure la soberan\u00eda alimentaria y conecte el conocimiento cient\u00edfico, con el saber acumulado por el campesinado y por los pueblos ancestrales.<\/p>\n\n\n\n<p>A los empresarios, a los gremios econ\u00f3micos, les decimos, que con el respeto de la naturaleza, ganaremos todos. Que vamos a construir, si hay voluntad para ello, una naci\u00f3n rica y pr\u00f3spera, manteniendo nuestra biodiversidad natural.<\/p>\n\n\n\n<p>Eso es lo que queremos, radicalizar la defensa, en todas partes, de la vida, de la naturaleza y de los bienes de la humanidad, en Colombia.<\/p>\n\n\n\n<p>Compa\u00f1eras y compa\u00f1eros, somos un movimiento por la vida, por la vida digna para nuestra naci\u00f3n, y para la humanidad. Por eso nos nombramos, Frente por la Vida, como coalici\u00f3n, para la pr\u00f3xima consulta del 8 de marzo.<\/p>\n\n\n\n<p>Ahora, en \u00e9ste momento precisamente, est\u00e1 deliberando el Consejo Nacional electoral, para decidir de si podemos o no, participar en la consulta del 8 de marzo. Algo que es francamente indignante. A la principal fuerza pol\u00edtica y a su candidato, se le quieren negar el derecho de la participaci\u00f3n, y no solamente a m\u00ed como individuo, a millones de personas que votaron en nuestra consulta el pasado 26 de octubre.<\/p>\n\n\n\n<p>No permitiremos ese atropello. Hacen esfuerzos desesperados por impedir que ganemos, pero no lo van a conseguir. A esa campa\u00f1a sucia, responderemos con serenidad, pero con firmeza. Con acci\u00f3n pol\u00edtica, y con acci\u00f3n judicial.<\/p>\n\n\n\n<p>Llamo a que elijamos una gran bancada parlamentaria en el Senado, con nuestras candidatas y candidatos, que tienen lista \u00fanica, cerrada, en cremallera, paritaria, con muchas mujeres, afortunadamente.<\/p>\n\n\n\n<p>Y tambi\u00e9n llamamos a votar por nuestra lista a la C\u00e1mara de Representantes, que es tambi\u00e9n cerrada y que podr\u00e1 ser elegida, marcando simplemente el logo.<\/p>\n\n\n\n<p>As\u00ed que a votar por una gran bancada parlamentaria, que acabe con un gobierno y tambi\u00e9n con una manera de gobernar desde el Congreso, que es profundamente corrupta, porque es chantajista y porque es extorsionista en t\u00e9rminos legislativos.<\/p>\n\n\n\n<p>Llamo a ser elegido en primera vuelta presidencial, presidente de la Rep\u00fablica.<\/p>\n\n\n\n<p>Llamo a defender al presidente Gustavo Petro, que soporta todos los d\u00edas, la campa\u00f1a de la extrema derecha, con ataques crueles y peligrosos. Que no han logrado reducir un \u00e1pice, su popularidad y simpat\u00eda, en encuesta tras encuesta que se practica.<\/p>\n\n\n\n<p>Llamo a todas las personas, activistas e integrantes del Pacto Hist\u00f3rico, a nuestros amigos y aliados, a las voluntarias y voluntarios, a los comit\u00e9s electorales, a recorrer el pa\u00eds, cada ciudad, cada municipio, cada vereda, cada resguardo, cada barrio, cada calle, cada casa, explicando los logros sociales de nuestro gobierno, entregando nuestras piezas publicitarias, difundiendo mis discursos program\u00e1ticos, organizando la votaci\u00f3n, y garantizando la movilidad y el cuidado del voto el d\u00eda de las elecciones.<\/p>\n\n\n\n<p>Como lo he dicho, soy un hijo de nuestro gran pueblo, que hoy tiene la responsabilidad de construir, junto a todas y todos ustedes, la segunda etapa de transformaciones de nuestra sociedad.<\/p>\n\n\n\n<p>Lo har\u00e9 siempre, junto al pueblo, al servicio del pueblo. Mandar\u00e9 obedeciendo, como nos han ense\u00f1ado nuestros pueblos ind\u00edgenas, los mismos que han sabido resguardar la madre naturaleza.<\/p>\n\n\n\n<p>Y el pr\u00f3ximo 7 de agosto, cuando celebremos nuestra victoria, cuando rindamos un justo homenaje al presidente Petro y al gobierno por la labor cumplida, comenzaremos en di\u00e1logo permanente con los movimientos sociales, ambientalistas y de protecci\u00f3n de los derechos, la marcha para hacer irreversibles las grandes transformaciones de la sociedad colombiana, en nuestro segundo gobierno progresista.<\/p>\n\n\n\n<p>!Que viva Armenia y Quind\u00edo, tierra de luchas y resistencias!<\/p>\n\n\n\n<p>!Que viva el Pacto Hist\u00f3rico, el Frente por la Vida y el presidente Gustavo Petro!<\/p>\n\n\n\n<p>\u00a1Que viva Colombia, patria libre, digna y soberana!<\/p>\n\n\n\n<p>\u00a1Vamos a ganar, compa\u00f1eras y compa\u00f1eros!<\/p>\n","protected":false},"excerpt":{"rendered":"<p>IVAN EN ARMENIA \u201cSomos la fuerza de la vida y la naturaleza\u201d Unas cuantas reflexiones por escrito, sobre un tema que es fundamental para el pa\u00eds y para el eje cafetero, nuestra pol\u00edtica de defensa de la naturaleza y nuestra riqueza ambiental. El t\u00edtulo que lleva este discurso es: Somos la fuerza de la vida [&hellip;]<\/p>\n","protected":false},"author":1,"featured_media":0,"parent":0,"menu_order":0,"comment_status":"closed","ping_status":"closed","template":"","meta":{"footnotes":""},"class_list":["post-1243","page","type-page","status-publish","hentry"],"_links":{"self":[{"href":"https:\/\/cabildo-abierto.co\/index.php\/wp-json\/wp\/v2\/pages\/1243","targetHints":{"allow":["GET"]}}],"collection":[{"href":"https:\/\/cabildo-abierto.co\/index.php\/wp-json\/wp\/v2\/pages"}],"about":[{"href":"https:\/\/cabildo-abierto.co\/index.php\/wp-json\/wp\/v2\/types\/page"}],"author":[{"embeddable":true,"href":"https:\/\/cabildo-abierto.co\/index.php\/wp-json\/wp\/v2\/users\/1"}],"replies":[{"embeddable":true,"href":"https:\/\/cabildo-abierto.co\/index.php\/wp-json\/wp\/v2\/comments?post=1243"}],"version-history":[{"count":1,"href":"https:\/\/cabildo-abierto.co\/index.php\/wp-json\/wp\/v2\/pages\/1243\/revisions"}],"predecessor-version":[{"id":1244,"href":"https:\/\/cabildo-abierto.co\/index.php\/wp-json\/wp\/v2\/pages\/1243\/revisions\/1244"}],"wp:attachment":[{"href":"https:\/\/cabildo-abierto.co\/index.php\/wp-json\/wp\/v2\/media?parent=1243"}],"curies":[{"name":"wp","href":"https:\/\/api.w.org\/{rel}","templated":true}]}}