{"id":1231,"date":"2026-02-01T19:14:06","date_gmt":"2026-02-01T19:14:06","guid":{"rendered":"https:\/\/cabildo-abierto.co\/?page_id=1231"},"modified":"2026-02-01T19:28:21","modified_gmt":"2026-02-01T19:28:21","slug":"ivan-en-cucuta-27-de-enero","status":"publish","type":"page","link":"https:\/\/cabildo-abierto.co\/index.php\/ivan-en-cucuta-27-de-enero\/","title":{"rendered":"Dicurso de Iv\u00e1n CEPEDA en C\u00facuta"},"content":{"rendered":"\n<h2 class=\"wp-block-heading\"><strong>Discurso en C\u00facuta<\/strong> el <br><strong>27 de enero<\/strong>. <\/h2>\n\n\n\n<h2 class=\"wp-block-heading\"><strong>Gracias C\u00facuta, gracias Catatumbo, gracias Norte de Santander<\/strong>.<\/h2>\n\n\n\n<p><strong><br>He preparado unas cuantas l\u00edneas, queridas compa\u00f1eras, queridos compa\u00f1eros, para \u00e9ste encuentro que tenemos hoy.<\/strong><\/p>\n\n\n\n<p><strong>Se llama de la siguiente manera, &#8220;Defendamos nuestros derechos pol\u00edticos&#8221;.<\/strong><\/p>\n\n\n\n<p><strong>En las \u00faltimas d\u00e9cadas como parte de mi trabajo junto a las v\u00edctimas del conflicto armado y en mi recorrido por los territorios caminando al lado del movimiento campesino, siempre regreso al Catatumbo y al Norte de Santander, con una certeza profunda, aqu\u00ed incluso en medio de la guerra y del abandono, el pueblo nunca renunci\u00f3 a la vida y a la esperanza.<\/strong><\/p>\n\n\n\n<p><strong>Siempre recuerdo con admiraci\u00f3n que en esta regi\u00f3n del pa\u00eds, el movimiento social floreci\u00f3 en medio de la violencia, como una respuesta colectiva y consciente para defender la vida, la tierra y el territorio. Como una decisi\u00f3n \u00e9tica y pol\u00edtica de construir la paz, cuando la guerra parec\u00eda imponerse siempre como destin<\/strong>o.<\/p>\n\n\n\n<p><strong>Eso ha sido posible, gracias a la valent\u00eda serena del movimiento campesino e ind\u00edgena, de las comunidades afrodescendientes, gracias a la fuerza incansable de las mujeres, lideresas sociales, a la actuaci\u00f3n firme en el movimiento sindical, a la energ\u00eda transformadora de la juventud, y a la perseverancia, la perseverancia de las organizaciones de v\u00edctimas que han enfrentado los cr\u00edmenes m\u00e1s cruentos y su impunidad, con el poder de la verdad.<\/strong><\/p>\n\n\n\n<p><strong>Estos ejemplos de fortaleza humana, de generosidad y de entrega a la vida popular que nace en el Norte de Santander, son parte esencial de nuestras luchas colectivas como naci\u00f3n, son escuela \u00e9tica y pol\u00edtica, de la cual debemos siempre aprender.<\/strong><\/p>\n\n\n\n<p><strong>Por eso mi primer mensaje hoy aqu\u00ed, es expresar gratitud y reconocimiento al gran movimiento social y al pueblo de esta regi\u00f3n que ha puesto tanto sacrificio, y que nos ha ense\u00f1ado a resistir y a luchar de manera <\/strong>perseverante incluso en las peores circunstancias.<\/p>\n\n\n\n<p><strong>El mejor homenaje que podemos rendirle a este pueblo, a esa historia legendaria, es continuar el camino del cambio social que emprendimos en 2022 con el Pacto Hist\u00f3rico y el gran presidente que tenemos Gustavo Petro Urrego.<\/strong><\/p>\n\n\n\n<p><strong>Se trata de que ahora reelijamos el programa de las transformaciones sociales, de la equidad, de la lucha contra la pobreza y la desigualdad. Se trata de elegir el 8 de marzo una poderosa bancada en Senado y C\u00e1mara, cuyas dignas y dignos candidatos tenemos aqu\u00ed en esta tarima y para quienes les pido un gran aplauso.<\/strong><\/p>\n\n\n\n<p><strong>Se trata de elegirme a m\u00ed como el candidato del Frente por la Vida, as\u00ed lo hemos llamando, Frente por la Vida, para ser el digno sucesor del presidente Petro.<\/strong><\/p>\n\n\n\n<p><strong>Eso, compa\u00f1eras y compa\u00f1eros, no s\u00f3lo tengan la certeza de que podemos hacerlo, sino la convicci\u00f3n de que lo vamos a hacer.<\/strong><\/p>\n\n\n\n<p><strong>Vamos a ganar \u00e9ste a\u00f1o y a profundizar el cambio social. Vamos a triunfar para elegir un segundo gobierno del pueblo y al servicio del pueblo. Vamos a cerrarle el paso a la extrema derecha de \u00e9ste pa\u00eds.<\/strong><\/p>\n\n\n\n<p><strong>Algunas empresas de comunicaci\u00f3n y candidatos pol\u00edticos de la extrema derecha han querido presentar esta elecci\u00f3n como el enfrentamiento entre dos extremos ideol\u00f3gicos, el que representa \u00c1lvaro Uribe V\u00e9lez y el que encarna nuestro proyecto progresista.<\/strong><\/p>\n\n\n\n<p><strong>Falso, esa es una caricatura de la realidad pol\u00edtica. El verdadero enfrentamiento es entre dos posiciones claramente diferentes: una neoliberal y profundamente autoritaria y depredadora hasta la muerte, la del uribismo, y la otra, la que representamos nosotros y nosotras, la del cambio social, la defensa de la vida, la participaci\u00f3n y la movilizaci\u00f3n pol\u00edtica del pueblo.<\/strong><\/p>\n\n\n\n<p><strong>Basta que lo recordemos, que hagamos un poco de memoria, compa\u00f1eras y compa\u00f1eros.<\/strong><\/p>\n\n\n\n<p><strong>Entre el 2002 y 2010, el uribismo empobreci\u00f3 al pueblo colombiano, sembr\u00f3 el pa\u00eds de falsos positivos, de parapol\u00edtica, despojo de tierra, destrucci\u00f3n de derechos sociales, violencia y odio<\/strong>.<\/p>\n\n\n\n<p><strong>Entre 2018 y 2022, no solo el uribismo intent\u00f3 destruir el acuerdo de paz, sino que acentu\u00f3 la pobreza en la post pandemia y termin\u00f3 provocando el gran estallido social.<\/strong><\/p>\n\n\n\n<p><\/p>\n","protected":false},"excerpt":{"rendered":"<p>Discurso en C\u00facuta el 27 de enero. Gracias C\u00facuta, gracias Catatumbo, gracias Norte de Santander. He preparado unas cuantas l\u00edneas, queridas compa\u00f1eras, queridos compa\u00f1eros, para \u00e9ste encuentro que tenemos hoy. Se llama de la siguiente manera, &#8220;Defendamos nuestros derechos pol\u00edticos&#8221;. En las \u00faltimas d\u00e9cadas como parte de mi trabajo junto a las v\u00edctimas del conflicto [&hellip;]<\/p>\n","protected":false},"author":1,"featured_media":0,"parent":0,"menu_order":0,"comment_status":"closed","ping_status":"closed","template":"","meta":{"footnotes":""},"class_list":["post-1231","page","type-page","status-publish","hentry"],"_links":{"self":[{"href":"https:\/\/cabildo-abierto.co\/index.php\/wp-json\/wp\/v2\/pages\/1231","targetHints":{"allow":["GET"]}}],"collection":[{"href":"https:\/\/cabildo-abierto.co\/index.php\/wp-json\/wp\/v2\/pages"}],"about":[{"href":"https:\/\/cabildo-abierto.co\/index.php\/wp-json\/wp\/v2\/types\/page"}],"author":[{"embeddable":true,"href":"https:\/\/cabildo-abierto.co\/index.php\/wp-json\/wp\/v2\/users\/1"}],"replies":[{"embeddable":true,"href":"https:\/\/cabildo-abierto.co\/index.php\/wp-json\/wp\/v2\/comments?post=1231"}],"version-history":[{"count":4,"href":"https:\/\/cabildo-abierto.co\/index.php\/wp-json\/wp\/v2\/pages\/1231\/revisions"}],"predecessor-version":[{"id":1239,"href":"https:\/\/cabildo-abierto.co\/index.php\/wp-json\/wp\/v2\/pages\/1231\/revisions\/1239"}],"wp:attachment":[{"href":"https:\/\/cabildo-abierto.co\/index.php\/wp-json\/wp\/v2\/media?parent=1231"}],"curies":[{"name":"wp","href":"https:\/\/api.w.org\/{rel}","templated":true}]}}