{"id":1087,"date":"2026-02-01T09:36:30","date_gmt":"2026-02-01T09:36:30","guid":{"rendered":"https:\/\/cabildo-abierto.co\/?page_id=1087"},"modified":"2026-02-01T09:42:19","modified_gmt":"2026-02-01T09:42:19","slug":"ivan-cepeda-vuelve-a-valledupar-discurso-de-ivan-cepeda-en-valledupar-la-rebelion-ciudadana-contra-la-gran-corrupcion-26-de-enero-2026","status":"publish","type":"page","link":"https:\/\/cabildo-abierto.co\/index.php\/ivan-cepeda-vuelve-a-valledupar-discurso-de-ivan-cepeda-en-valledupar-la-rebelion-ciudadana-contra-la-gran-corrupcion-26-de-enero-2026\/","title":{"rendered":"IVAN CEPEDA VUELVE A VALLEDUPAR"},"content":{"rendered":"\n<p>     <\/p>\n\n\n\n<div class=\"wp-block-superb-addons-animated-heading superbaddons-animated-heading-block superbaddons-animated-heading-effect2\" id=\"\" data-animation=\"effect2\" data-animation-speed=\"60\" data-animation-loop=\"true\"><\/div>\n\n\n\n<h2 class=\"wp-block-heading\"><strong>Discurso de Iv\u00e1n Cepeda en Valledupar: La rebeli\u00f3n ciudadana contra la gran corrupci\u00f3n 26 de enero 2026<\/strong><\/h2>\n\n\n\n<p><strong>He escrito para la tarde de hoy, compa\u00f1eras y compa\u00f1eros, una intervenci\u00f3n que lleva el siguiente t\u00edtulo:<br>&#8220;La rebeli\u00f3n ciudadana contra la gran corrupci\u00f3n &#8211; La rebeli\u00f3n del pueblo colombiano contra la corrupci\u00f3n&#8221;.<br><\/strong><br><strong>Queridas compa\u00f1eras y queridos compa\u00f1eros, siempre, siempre es motivo de profunda emoci\u00f3n y alegr\u00eda regresar a esta tierra. Valledupar y Cesar, no son solo un territorio del Caribe colombiano, son una geograf\u00eda marcada por las luchas sociales, por el dolor y tambi\u00e9n por la esperanza de sus pueblos y comunidades.<\/strong><br><br><strong>Ayer, apenas llegando, particip\u00e9 en una ceremonia de protecci\u00f3n espiritual junto a las autoridades ancestrales de los pueblos Kankuamo y Wiwa.  Escuch\u00e9 sus palabras sabias y serenas, sobre la urgencia de proteger la madre tierra, de la cual no somos due\u00f1os sino que somos parte. Recordamos juntos con los Kankuamos y los Wiwa, las luchas libradas, en las que particip\u00e9 tambi\u00e9n, para detener a los responsables del genocidio que se ha ido pretendiendo realizar, para arrebatarles su territorio sagrado, la Sierra Nevada de Santa Marta.<\/strong><br><br><strong>Defender la vida de los pueblos ind\u00edgenas, ha sido y sigue siendo, una defensa de la vida de toda nuestra naci\u00f3n, pero \u00e9ste, el genocidio contra los pueblos ind\u00edgenas, no ha sido el \u00fanico crimen cometido en estas tierras, lamentablemente.<\/strong><br><br><strong>Ayer tambi\u00e9n tuve la oportunidad de saludar a mi colega y querida amiga, Imelda Daza, que espero est\u00e9 escuch\u00e1ndonos, una de las muy pocas sobrevivientes del genocidio contra la Uni\u00f3n Patri\u00f3tica. <\/strong><br><br><strong>Su sola presencia, su exilio de a\u00f1os, es un testimonio vivo de la barbarie que se quiso imponer, y de la resistencia que no pudieron extinguir. <\/strong><br><br><strong>La Uni\u00f3n Patri\u00f3tica sigue viva, m\u00e1s que nunca, y hace parte del gran Pacto Hist\u00f3rico.<\/strong><br><br>I<strong>melda me recordaba, en la conversaci\u00f3n de ayer, que buena parte de \u00e9sta ciudad ha sido construida por luchadoras y luchadores sociales. Hoy, m\u00e1s de 30.000 habitantes de Valledupar, viven bajo la amenaza del desalojo por ocupar supuestas tierras ajenas. Son, en su gran mayor\u00eda, victimas del desplazamiento forzado, expulsadas por la violencia de los Santanderes y de distintos rincones del Caribe. Es una injusticia hist\u00f3rica, que no podemos seguir tolerando, ni normalizando, y para la cual reclamamos soluci\u00f3n efectiva, para los desplazados de la violencia. <br><br>Aqu\u00ed en este departamento, el paramilitarismo intent\u00f3 arrasar con todo el tejido social, busc\u00f3 destruir las organizaciones populares, y durante m\u00e1s de dos d\u00e9cadas, captur\u00f3 y coopt\u00f3 a la Universidad Popular del C\u00e9sar. Por eso, \u00e9sta universidad, sus docentes, trabajadoras, trabajadores y estudiantes, han sido reconocidos como v\u00edctimas de cr\u00edmenes de lesa humanidad.<\/strong><br><br><strong>En este departamento, aunque a\u00fan esperan la reparaci\u00f3n real, integral y efectiva, debemos hacer efectiva la reparaci\u00f3n de todas las v\u00edctimas de la violencia en Colombia, como ha ocurrido en muchas regiones del pa\u00eds.<\/strong><br><br><strong>Los pueblos ind\u00edgenas, los sectores populares, urbanos y rurales, sus movimientos sociales, han padecido la violencia econ\u00f3mica y padecen la persecuci\u00f3n pol\u00edtica. En varias regiones de Colombia, se busca imponerles a toda costa el modelo neoliberal, pero aqu\u00ed, como en tantos otros lugares del pa\u00eds, no lograron quebrar la voluntad del pueblo colombiano, porque este territorio, tambi\u00e9n es ejemplo de resistencia, organizaci\u00f3n, y lucha por el cambio social. As\u00ed lo demuestran los avances del Pacto Hist\u00f3rico, el respaldo popular al Gobierno del Cambio, y la creciente favorabilidad de nuestro presidente Gustavo Petro, a quien saludo desde esta tribuna.<br><\/strong><br><strong>Valledupar y Cesar muestran las razones por las cuales este a\u00f1o vamos a triunfar. <\/strong><br><br><strong>Compa\u00f1eras y compa\u00f1eros, el 8 de marzo elegiremos una poderosa bancada parlamentaria, con congresistas, como nuestra amiga Alexandra Pineda, y todos los que hemos escuchado aqu\u00ed, y yo ser\u00e9 elegido candidato de un gran Frente Democr\u00e1tico.     <\/strong><\/p>\n\n\n\n<p><\/p>\n","protected":false},"excerpt":{"rendered":"<p>Discurso de Iv\u00e1n Cepeda en Valledupar: La rebeli\u00f3n ciudadana contra la gran corrupci\u00f3n 26 de enero 2026 He escrito para la tarde de hoy, compa\u00f1eras y compa\u00f1eros, una intervenci\u00f3n que lleva el siguiente t\u00edtulo:&#8220;La rebeli\u00f3n ciudadana contra la gran corrupci\u00f3n &#8211; La rebeli\u00f3n del pueblo colombiano contra la corrupci\u00f3n&#8221;.Queridas compa\u00f1eras y queridos compa\u00f1eros, siempre, siempre [&hellip;]<\/p>\n","protected":false},"author":1,"featured_media":0,"parent":0,"menu_order":0,"comment_status":"closed","ping_status":"closed","template":"","meta":{"footnotes":""},"class_list":["post-1087","page","type-page","status-publish","hentry"],"_links":{"self":[{"href":"https:\/\/cabildo-abierto.co\/index.php\/wp-json\/wp\/v2\/pages\/1087","targetHints":{"allow":["GET"]}}],"collection":[{"href":"https:\/\/cabildo-abierto.co\/index.php\/wp-json\/wp\/v2\/pages"}],"about":[{"href":"https:\/\/cabildo-abierto.co\/index.php\/wp-json\/wp\/v2\/types\/page"}],"author":[{"embeddable":true,"href":"https:\/\/cabildo-abierto.co\/index.php\/wp-json\/wp\/v2\/users\/1"}],"replies":[{"embeddable":true,"href":"https:\/\/cabildo-abierto.co\/index.php\/wp-json\/wp\/v2\/comments?post=1087"}],"version-history":[{"count":3,"href":"https:\/\/cabildo-abierto.co\/index.php\/wp-json\/wp\/v2\/pages\/1087\/revisions"}],"predecessor-version":[{"id":1093,"href":"https:\/\/cabildo-abierto.co\/index.php\/wp-json\/wp\/v2\/pages\/1087\/revisions\/1093"}],"wp:attachment":[{"href":"https:\/\/cabildo-abierto.co\/index.php\/wp-json\/wp\/v2\/media?parent=1087"}],"curies":[{"name":"wp","href":"https:\/\/api.w.org\/{rel}","templated":true}]}}